{"id":12,"date":"2016-03-15T14:59:01","date_gmt":"2016-03-15T14:59:01","guid":{"rendered":"https:\/\/athleticgolf-studio.com\/index.php\/about-us\/"},"modified":"2020-07-05T22:12:43","modified_gmt":"2020-07-05T21:12:43","slug":"about-us","status":"publish","type":"page","link":"https:\/\/athleticgolf-studio.com\/index.php\/about-us\/","title":{"rendered":"\u00dcber uns"},"content":{"rendered":"<div class=\"wpb-content-wrapper\"><p>[vc_row][vc_column][vc_single_image image=&#8221;531&#8243; img_size=&#8221;medium&#8221; alignment=&#8221;center&#8221;][vc_column_text]<\/p>\n<h2>Willkommen<\/h2>\n<p>[\/vc_column_text][\/vc_column][\/vc_row][vc_row][vc_column][vc_column_text]Vanden Berge Golf wurde 2010 gegr\u00fcndet und befasst sich mit den Themen, Golf und Gesundheit, Golftraining, sportwissenschaftliche Untersuchungen zur Steigerung der Leistung unter gesundheitlicher Ber\u00fccksichtigung sowie die Konzeption von Golfstudio\u2019s.<\/p>\n<p>Der Gr\u00fcnder J\u00f6rg Vanden Berge ist Master of Science, ehemaliger Playing Professional, Trainer und Sportwissenschaftler im Fachbereich Biomechanik und kognitive Neurowissenschaft (cerebrale Verarbeitung von Informationen) hat mit zahlreichen Publikationen der Marke \u201eVanden Berge Golf\u201c sein Qualit\u00e4ts- Siegel aufgedr\u00fcckt.<\/p>\n<p>Er hat seine Erfahrung als Athlet und Trainer von zahlreichen internationalen Top- Spielern in eine eigene Trainingsphilosophie eingebracht. Unter Einbeziehung aller trainingswissenschaftlicher Erkenntnisse und bester weltweit verf\u00fcgbaren Trainingsger\u00e4te entwickelt der ausgebildete Sportwissenschaftler im Fachbereich Golf optimale Trainingsanlagen f\u00fcr Spieler und Spielerinnen aller Leistungsklassen.<\/p>\n<p>Marion Vanden Berge, Gesch\u00e4ftsf\u00fchrende Gesellschafterin von Vanden Berge Golf ist gelernte Heilmasseurin nach traditioneller chinesischer Medizin (TCM). Zus\u00e4tzlich schloss sie eine Ausbildung als Seniorenbetreuerin f\u00fcr Demenzkranke nach \u00a7 53c XL ab. Sie hat sich zur Aufgabe gestellt \u00e4ltere Menschen die an neurodegenerativen Erkrankungen leiden mit Sport und Golf zu einer besseren Lebensqualit\u00e4t zu verhelfen.<\/p>\n<p>Vanden Berge Golf steht f\u00fcr High-Performance Golftraining mit modernster und pr\u00e4ziser &#8220;State of the Art&#8221; Analysetechnologie.<\/p>\n<p>Vanden Berge Golf vergeben j\u00e4hrliche Lizenzen an interessierte Betreiber, die unter strikter Einhaltung eines klar definierten und zur Qualit\u00e4tssicherung permanent \u00fcberpr\u00fcften Anforderungsprofils den Markennamen &#8220;AthleticGolf Studio\u201c nutzen d\u00fcrfen.[\/vc_column_text][\/vc_column][\/vc_row]<\/p>\n<\/div>","protected":false},"excerpt":{"rendered":"<p>[vc_row][vc_column][vc_single_image image=&#8221;531&#8243; img_size=&#8221;medium&#8221; alignment=&#8221;center&#8221;][vc_column_text] Willkommen [\/vc_column_text][\/vc_column][\/vc_row][vc_row][vc_column][vc_column_text]Vanden Berge Golf wurde 2010 gegr\u00fcndet und befasst sich mit den Themen, Golf und Gesundheit, Golftraining, sportwissenschaftliche Untersuchungen zur Steigerung der Leistung unter gesundheitlicher Ber\u00fccksichtigung [&hellip;]<\/p>\n","protected":false},"author":1,"featured_media":0,"parent":0,"menu_order":0,"comment_status":"closed","ping_status":"closed","template":"","meta":{"footnotes":""},"class_list":["post-12","page","type-page","status-publish","hentry"],"jetpack_sharing_enabled":true,"_links":{"self":[{"href":"https:\/\/athleticgolf-studio.com\/index.php\/wp-json\/wp\/v2\/pages\/12","targetHints":{"allow":["GET"]}}],"collection":[{"href":"https:\/\/athleticgolf-studio.com\/index.php\/wp-json\/wp\/v2\/pages"}],"about":[{"href":"https:\/\/athleticgolf-studio.com\/index.php\/wp-json\/wp\/v2\/types\/page"}],"author":[{"embeddable":true,"href":"https:\/\/athleticgolf-studio.com\/index.php\/wp-json\/wp\/v2\/users\/1"}],"replies":[{"embeddable":true,"href":"https:\/\/athleticgolf-studio.com\/index.php\/wp-json\/wp\/v2\/comments?post=12"}],"version-history":[{"count":27,"href":"https:\/\/athleticgolf-studio.com\/index.php\/wp-json\/wp\/v2\/pages\/12\/revisions"}],"predecessor-version":[{"id":1127,"href":"https:\/\/athleticgolf-studio.com\/index.php\/wp-json\/wp\/v2\/pages\/12\/revisions\/1127"}],"wp:attachment":[{"href":"https:\/\/athleticgolf-studio.com\/index.php\/wp-json\/wp\/v2\/media?parent=12"}],"curies":[{"name":"wp","href":"https:\/\/api.w.org\/{rel}","templated":true}]}}